{"id":118,"date":"2010-07-19T07:10:10","date_gmt":"2010-07-19T07:10:10","guid":{"rendered":"http:\/\/jasoneosoro.korpoweb.com\/berbak-net\/"},"modified":"2015-02-24T08:51:07","modified_gmt":"2015-02-24T08:51:07","slug":"berbak-net","status":"publish","type":"page","link":"https:\/\/jasoneosoro.com\/es\/berbak-net\/","title":{"rendered":"Berbak.net"},"content":{"rendered":"<p><\/p>\n<p>Jasone Osoro acaba de iniciar un nuevo proyecto: <a href=\"http:\/\/www.berbak.net\/\">Berbak.net<\/a>, una empresa que ofrecer\u00e1 servicios literarios y period\u00edsticos. Si necesitas cualquier tipo de texto a tu medida, <a href=\"http:\/\/www.berbak.net\/\">Berbak<\/a> te da la soluci\u00f3n: relatos, cuentos, biograf\u00edas, memorias de empresas, gu\u00edas y cat\u00e1logos, <a href=\"http:\/\/www.berbak.net\"><img loading=\"lazy\" class=\"alignright\" src=\"..\/wp-content\/uploads\/2010\/07\/berbak.net_.gif\" alt=\"\" width=\"253\" height=\"76\" \/><\/a>guiones, textos para conferencias\u2026 En <a href=\"http:\/\/www.berbak.net\/\">Berbak<\/a> nuestra herramienta de trabajo ser\u00e1n la palabra y los textos, adecu\u00e1ndonos a las necesidades y deseos del cliente. M\u00e1s informaci\u00f3n sobre el proyecto y los servicios que ofrece en la propia web <a href=\"http:\/\/www.berbak.net\/\">www.berbak.net<\/a>.<\/p>\n<p><\/p>","protected":false},"excerpt":{"rendered":"<p>Jasone Osoro acaba de iniciar un nuevo proyecto: Berbak.net, una empresa que ofrecer\u00e1 servicios literarios y period\u00edsticos. Si necesitas cualquier tipo de texto a tu medida, Berbak te da la soluci\u00f3n: relatos, cuentos, biograf\u00edas, memorias de empresas, gu\u00edas y cat\u00e1logos, guiones, textos para conferencias\u2026 En Berbak nuestra herramienta de trabajo ser\u00e1n la palabra y los [&hellip;]<\/p>\n","protected":false},"author":3,"featured_media":0,"parent":0,"menu_order":7,"comment_status":"open","ping_status":"closed","template":"","meta":{"ngg_post_thumbnail":0},"_links":{"self":[{"href":"https:\/\/jasoneosoro.com\/es\/wp-json\/wp\/v2\/pages\/118"}],"collection":[{"href":"https:\/\/jasoneosoro.com\/es\/wp-json\/wp\/v2\/pages"}],"about":[{"href":"https:\/\/jasoneosoro.com\/es\/wp-json\/wp\/v2\/types\/page"}],"author":[{"embeddable":true,"href":"https:\/\/jasoneosoro.com\/es\/wp-json\/wp\/v2\/users\/3"}],"replies":[{"embeddable":true,"href":"https:\/\/jasoneosoro.com\/es\/wp-json\/wp\/v2\/comments?post=118"}],"version-history":[{"count":1,"href":"https:\/\/jasoneosoro.com\/es\/wp-json\/wp\/v2\/pages\/118\/revisions"}],"predecessor-version":[{"id":513,"href":"https:\/\/jasoneosoro.com\/es\/wp-json\/wp\/v2\/pages\/118\/revisions\/513"}],"wp:attachment":[{"href":"https:\/\/jasoneosoro.com\/es\/wp-json\/wp\/v2\/media?parent=118"}],"curies":[{"name":"wp","href":"https:\/\/api.w.org\/{rel}","templated":true}]}}