{"id":127,"date":"2010-07-19T07:24:38","date_gmt":"2010-07-19T07:24:38","guid":{"rendered":"http:\/\/jasoneosoro.korpoweb.com\/?page_id=127"},"modified":"2015-02-24T08:50:30","modified_gmt":"2015-02-24T08:50:30","slug":"kolaborazioak","status":"publish","type":"page","link":"https:\/\/jasoneosoro.com\/es\/testuak\/kolaborazioak\/","title":{"rendered":"Colaboraciones"},"content":{"rendered":"<p><\/p>\n<h2><strong>Oinetakoa beirazkoa izan ez balitz\u2026.<\/strong><\/h2>\n<p><strong>Revista <em>Emakunde<\/em>, n\u00famero 75, junio del 2009<\/strong><\/p>\n<p><strong>\u00bfQu\u00e9 hubiese pasado si el zapato de Cenicienta no fuese de  cristal? Arrastramos la condena de una tradici\u00f3n marcada por la leyenda  de un diminuto zapatito. De un pr\u00edncipe azul. De unas malvadas  hermanastras. Las mujeres, a\u00fan hoy, vivimos atrapadas en simb\u00f3licos  zapatos de cristal. Atrapadas bajo, curiosamente, un techo de cristal. Y  todo por un error de traducci\u00f3n. El gran Charles Perrault escribi\u00f3 la  historia de un zapato de cuero. Al traducirse, el zapato pas\u00f3 a ser de  cristal. Un error cambi\u00f3 la historia. \u00bfNuestra historia?<\/strong><\/p>\n<p>Eta dena akats bategatik. Emakumeok kristalezko oinetako baten  barruan harrapatuak gaude okerreko itzulpen bategatik. Izan ere, Charles  Perraultek Errauskine idatzi zuenean, larruzko oinetakoa irudikatu  zuen. Larrua frantsesez <em>vaire<\/em> esaten da. Baina badirudi erruren bat egon zela itzulpena egiterakoan eta <em>vaire<\/em> jarri behar zuen tokian <em>verre<\/em> agertu omen zen. Eta <em>verre<\/em> hitzak beira esan nahi du. Akats bat, beraz. Erru horrek eman dio,  besteak beste, ipuinari bere ospea. Agian zapata larruzkoa balitz ez  litzateke horren miragarria izango. Oinetakoa beiraz egina izateak xarma  berezia ematen dio istorioari.<\/p>\n<p>Emakume gehienok desiratu izan dugu noiz edo noiz kristalezko zapatak  janztea, horrek nolabait printze urdina bereganatzea ekarriko baligu  bezala. Inozoak gu. Eta inozoak txiki-txikitatik horixe erakutsi  digutelako. Alegia, denbora pasa arren, garai berrietara egokitu beharra  izanda ere, halere, neskak neska garen unean barnean ezkutatua daukagu  Errauskineren konplejua. Guztiok gara etxekoandre. Guztion ametsa da  bizitza osoa iraungo digun maitasuna aurkitzea. Guztiok pentsatzen dugu  zoriontsu egingo gaituen gizonezko bat ezagutuko dugula noiz edo noiz.  Eta gizon horrek konkistatuko gaituela. Beirazko oinetako zoragarria  jantziko digula egunen batean, berarekin esposatzeko eskatzen digun  heinean. Eta hortxe hasten da gure benetako kartzela. Beirazko zapata  madarikatu hori janztean\u2026.<\/p>\n<p>Oinetako batek aldatu zuen Errauskineren bizitza. Hortxe amaitzen da  ipuina. Printzeak berarekin gaztelura eramaten duen unean. Eta bukaera  hori irakurrita irribarrea marrazten da haurren aurpegian. Zeinen ondo!  Errauskinek lortu du bere ama-orde eta ahizpa-orde maltzurren  aldamenetik ihes egitea. Lortu du sukaldean giltzapetua egotetik  Jauregui eder batean bizitzera joatea. Zortea izan du Errauskinek.  Merezi zuen, urte luzez triste eta goibel bizi izan baita. Egunen batean  salbatuko zuen norbaiten zain. Errauskine zintzoa, ona, goxoa,  ulerkorra, otzana, sekula ahotsik altxatzen ez duena. Tokatu zaiona  onartzen duena. Ahorik zabaldu gabe.<\/p>\n<p>Bide horretatik engainatzen gaituzte. Txiki-txikitatik barneratzen  dugu emakumeok halakoxeak behar dugula izan. Lehen legea: eskuzabalak,  umilak, isilak, zalapartarik sortzen ez dutenak. Horrelakoak izanik  lortuko dugu egunen batean saria: bizimodua aldatzea.<\/p>\n<p>Hori bai, argi izanik bidean aurkituko ditugun areriorik handienak  emakumezkoak izango direla. Gu baino itsusiagoak izango direnak. Gu  baino tuntunagoak. Baina, inbidiak jota, gure bizitza ahalik eta  itogarraiena eta ilunena izaten saiatuko direnak. Horratx bigarren  agindua: emakumeen areriorik handiena beste emakume bat da.<\/p>\n<p>Eskerrak hor dauden gizonak gu salbatzeko! Eskerrak zaldun eder eta  bihotz onekoak existitzen diren. Guk ezer egin gabe hurbilduko  zaizkigunak. Gure edertasunak eta onberatasunak erakarrita. Gure lotsa  eta nerabetasunak kitzikatuta. Gutxien espero dugunean agertuko da.  Sorpresaz. Gure atea joko du. Eta guk sartzen utziko diogu, galderarik  egin gabe. Azken batean, bera printzea da. Printze urdina. Gu salbatzera  etorri dena. Gure bizimodu tristetik askatuko gaituena. Paradisurantz  eta etenik gabeko zoriontasunerantz eramanaz. Hirugarren legea: emakume  bat zoriontsu egingo duena gizonezko bat izango da. Beti.<\/p>\n<p>Beirazko zapata jantzita sartuko gara gazteluan. Pozik. Itxaropentsu. Amesgaiztoa amaitu dela sinetsita. Baina\u2026.<\/p>\n<p>Baina ipuinak ez dira hor amaitzen. Printze urdinaren estreinako  musuaren ostean egunerokotasuna dator. Eta egunerokotasun horretan  beirazko oinetakoak estutu egiten du. Ez baita batere erraza kristalean  harrapatutako zapata-parearen barruan ibiltzea. Zauriak egingo dizkigu.  Azazkala urratuko. Estropozu egingo dugu behin eta berriz. Baina zapata  kentzeak ikara sortzen digunez, bere horretan jarraituko dugu. Nork  arriskatu nahi du oinutsik ibiltzera? Hobe estutzen digun zapata,  biluztutako oin bakartia baino. Hobe zauritxoz betetako hanka, minik eta  oinazerik gabeko bizimodua baino. Salbatu gaituen printze urdinaren  ondoan bizitzearen truke zerbait ordaindu beharko da. Gure oinen  osasuna. Beirazko zapatak. Takoidun oinetakoak. Oina, eta arima estutuko  dizkigun euskarria. Lotuta berriz. Baina gizonezko baten ondoan.<\/p>\n<p>Horratx laugarren legea: oinetakoak estutu egiten du, baina oinazeak  merezi du printze urdina alboan baldin badaukazu. Hobe estu, bakarrik  baino.<\/p>\n<p>Urtebete pasatxo behar izaten dugu zutik ipini eta oinez hasteko.  Bizitza osoa behar dugu beirazko zapata jantzita eroso sentitzen  ikasteko.<\/p>\n<p>Eta dena akats baten ondorioz. Zeren, batek daki, agian verre  beharrean vaire balitz\u2026.. Errauskineren zapata beirazkoa izan beharrean,  larruzkoa balitz\u2026. Larrua bigundu egiten da ibiliaren ibiliaz. Larruak  gure azalaren antzekotasun handiagoa dauka. Denborak xamurtu egiten du.  Larrua, gaizki tratatu ezkero, puskatu egiten da. Zulatu. Agian\u2026.  Errauskineren zapata larruzkoa balitz zulatu egingo litzateke azkenean.  Eta behatz potoloak askatasunaren haizea sentituko luke. Eta oinetako  barruan geratzen diren behatzak baino hobe bizi dela ohartuko litzateke.  Aske. Litekeena da kasu horretan Errauskinek zapata kentzeko ausardia  izatea. Ortozik bizitzeak pena merezi dezakeela erabakitzea. Posible da  gaztelutik atera nahi izatea. Beste printze batzuk existitzen direla  jakitea. Eta adiskide izan ditzazkeen emakume asko dagoela ohartzea. <em>Vaire <\/em>balitz <em>verre<\/em> beharrean\u2026<\/p>\n<p>Istorioa berridatzi egin behar da. Gure seme-alabek ez dezatela  paradisua eskainiko dien beirazko zapatekin ametsik egin. Horrek ahul  egingo ditu-eta.<\/p>","protected":false},"excerpt":{"rendered":"<p>Oinetakoa beirazkoa izan ez balitz\u2026. Revista Emakunde, n\u00famero 75, junio del 2009 \u00bfQu\u00e9 hubiese pasado si el zapato de Cenicienta no fuese de cristal? Arrastramos la condena de una tradici\u00f3n marcada por la leyenda de un diminuto zapatito. De un pr\u00edncipe azul. De unas malvadas hermanastras. Las mujeres, a\u00fan hoy, vivimos atrapadas en simb\u00f3licos zapatos [&hellip;]<\/p>\n","protected":false},"author":3,"featured_media":0,"parent":479,"menu_order":2,"comment_status":"open","ping_status":"closed","template":"","meta":{"ngg_post_thumbnail":0},"_links":{"self":[{"href":"https:\/\/jasoneosoro.com\/es\/wp-json\/wp\/v2\/pages\/127"}],"collection":[{"href":"https:\/\/jasoneosoro.com\/es\/wp-json\/wp\/v2\/pages"}],"about":[{"href":"https:\/\/jasoneosoro.com\/es\/wp-json\/wp\/v2\/types\/page"}],"author":[{"embeddable":true,"href":"https:\/\/jasoneosoro.com\/es\/wp-json\/wp\/v2\/users\/3"}],"replies":[{"embeddable":true,"href":"https:\/\/jasoneosoro.com\/es\/wp-json\/wp\/v2\/comments?post=127"}],"version-history":[{"count":1,"href":"https:\/\/jasoneosoro.com\/es\/wp-json\/wp\/v2\/pages\/127\/revisions"}],"predecessor-version":[{"id":510,"href":"https:\/\/jasoneosoro.com\/es\/wp-json\/wp\/v2\/pages\/127\/revisions\/510"}],"up":[{"embeddable":true,"href":"https:\/\/jasoneosoro.com\/es\/wp-json\/wp\/v2\/pages\/479"}],"wp:attachment":[{"href":"https:\/\/jasoneosoro.com\/es\/wp-json\/wp\/v2\/media?parent=127"}],"curies":[{"name":"wp","href":"https:\/\/api.w.org\/{rel}","templated":true}]}}