{"id":32,"date":"2010-07-01T09:19:47","date_gmt":"2010-07-01T09:19:47","guid":{"rendered":"http:\/\/jasoneosoro.cs\/?page_id=32"},"modified":"2020-04-08T07:07:54","modified_gmt":"2020-04-08T07:07:54","slug":"korapiloak-elkar-2001","status":"publish","type":"page","link":"https:\/\/jasoneosoro.com\/es\/bibliografia\/korapiloak-elkar-2001\/","title":{"rendered":"Korapiloak (Elkar, 2001)"},"content":{"rendered":"<p><a href=\"\/wp-content\/uploads\/2010\/07\/korapiloak.jpg\" rel=\"lightbox[32]\"><img loading=\"lazy\" class=\"alignright liburua size-medium wp-image-56\" src=\"\/wp-content\/uploads\/2010\/07\/korapiloak-191x300.jpg\" alt=\"\" width=\"191\" height=\"300\" srcset=\"https:\/\/jasoneosoro.com\/wp-content\/uploads\/2010\/07\/korapiloak-191x300.jpg 191w, https:\/\/jasoneosoro.com\/wp-content\/uploads\/2010\/07\/korapiloak.jpg 510w\" sizes=\"(max-width: 191px) 100vw, 191px\" \/><\/a><\/p>\n<div class=\"fitxa\"><strong>T\u00edtulo en castellano: <\/strong> Desnudos<br \/>\n<strong>Autora:<\/strong> Jasone Osoro<br \/>\n<strong>Editorial:<\/strong> Seix Barral<br \/>\n<strong>Fecha:<\/strong> 2002<br \/>\n<strong>ISBN:<\/strong> 978-84-3221-141-6<br \/>\n<strong>P\u00e1ginas:<\/strong> 144<br \/>\n<strong>T\u00edtulo original: <\/strong> Korapiloak. Elkar, 2001 (ISBN 84-8331-728-1)<\/div>\n<p><strong>Desnudos <\/strong>est\u00e1 compuesto por diecisiete relatos y otros tantos poemas. Por sus p\u00e1ginas transitan personajes que saltan de un relato a otro anudando situaciones. Depende del lector descubrir esos lazos, desatarlos y completar el dif\u00edcil puzzle del coraz\u00f3n. \u00bfCu\u00e1l es ese sentimiento que nos enreda la vida? \u00bfCu\u00e1l el motivo del desentendimiento entre las personas? \u00bfPor qu\u00e9 estamos condenados a enlazar nuestros cuerpos? Puede ser amor o sexo. Es eso que nos l\u00eda la cabeza y el coraz\u00f3n; esa maravilla, en ocasiones terrible, siempre sublime, que nos hace sentir vivos.<\/p>\n<p>Combinando constantemente la violencia y la ternura, Jasone Osoro se mueve entre lo cotidiano y lo absurdo. Remueve el l\u00edmite entre el odio y la pasi\u00f3n. Bucea en una ciudad sin nombre, se mete en las casas de gente an\u00f3nima, nos cuenta sus secretos y sorprende continuamente al lector.<\/p>\n<p>Espont\u00e1nea, atrevida, fresca, perversa, sensual\u2026 as\u00ed es la prosa con la que Jasone Osoro ha llegado a convertirse en una de las autoras m\u00e1s le\u00eddas de las letras vascas con tan solo dos novelas publicadas. Desnudos obtuvo el Premio Euskadi de Plata otorgado al libro m\u00e1s vendido en euskera durante el pasado a\u00f1o. \u00abLa vida est\u00e1 hecha de pesados nudos que tenemos que soltar hasta quedarnos desnudos\u00bb, dice Jasone Osoro.<\/p>","protected":false},"excerpt":{"rendered":"<p>T\u00edtulo en castellano: Desnudos Autora: Jasone Osoro Editorial: Seix Barral Fecha: 2002 ISBN: 978-84-3221-141-6 P\u00e1ginas: 144 T\u00edtulo original: Korapiloak. Elkar, 2001 (ISBN 84-8331-728-1) Desnudos est\u00e1 compuesto por diecisiete relatos y otros tantos poemas. Por sus p\u00e1ginas transitan personajes que saltan de un relato a otro anudando situaciones. Depende del lector descubrir esos lazos, desatarlos y [&hellip;]<\/p>\n","protected":false},"author":3,"featured_media":0,"parent":154,"menu_order":35,"comment_status":"open","ping_status":"closed","template":"","meta":{"ngg_post_thumbnail":0},"_links":{"self":[{"href":"https:\/\/jasoneosoro.com\/es\/wp-json\/wp\/v2\/pages\/32"}],"collection":[{"href":"https:\/\/jasoneosoro.com\/es\/wp-json\/wp\/v2\/pages"}],"about":[{"href":"https:\/\/jasoneosoro.com\/es\/wp-json\/wp\/v2\/types\/page"}],"author":[{"embeddable":true,"href":"https:\/\/jasoneosoro.com\/es\/wp-json\/wp\/v2\/users\/3"}],"replies":[{"embeddable":true,"href":"https:\/\/jasoneosoro.com\/es\/wp-json\/wp\/v2\/comments?post=32"}],"version-history":[{"count":2,"href":"https:\/\/jasoneosoro.com\/es\/wp-json\/wp\/v2\/pages\/32\/revisions"}],"predecessor-version":[{"id":705,"href":"https:\/\/jasoneosoro.com\/es\/wp-json\/wp\/v2\/pages\/32\/revisions\/705"}],"up":[{"embeddable":true,"href":"https:\/\/jasoneosoro.com\/es\/wp-json\/wp\/v2\/pages\/154"}],"wp:attachment":[{"href":"https:\/\/jasoneosoro.com\/es\/wp-json\/wp\/v2\/media?parent=32"}],"curies":[{"name":"wp","href":"https:\/\/api.w.org\/{rel}","templated":true}]}}