{"id":326,"date":"2010-09-24T09:14:29","date_gmt":"2010-09-24T09:14:29","guid":{"rendered":"http:\/\/jasoneosoro.com\/?page_id=326"},"modified":"2020-04-08T07:09:26","modified_gmt":"2020-04-08T07:09:26","slug":"jara-alfaguara-2009","status":"publish","type":"page","link":"https:\/\/jasoneosoro.com\/es\/bibliografia\/jara-alfaguara-2009\/","title":{"rendered":"Jara (Alfaguara, 2009)"},"content":{"rendered":"<p><strong><a href=\"\/wp-content\/uploads\/2010\/09\/jara-es.jpg\" rel=\"lightbox[326]\"><img loading=\"lazy\" class=\"alignright size-medium wp-image-338\" src=\"\/wp-content\/uploads\/2010\/09\/jara-es-181x300.jpg\" alt=\"\" width=\"181\" height=\"300\" srcset=\"https:\/\/jasoneosoro.com\/wp-content\/uploads\/2010\/09\/jara-es-181x300.jpg 181w, https:\/\/jasoneosoro.com\/wp-content\/uploads\/2010\/09\/jara-es-617x1024.jpg 617w, https:\/\/jasoneosoro.com\/wp-content\/uploads\/2010\/09\/jara-es.jpg 700w\" sizes=\"(max-width: 181px) 100vw, 181px\" \/><\/a>Autora<\/strong>: Jasone Osoro<strong><br \/>\nEditorial<\/strong>: Alfaguara<strong><br \/>\nA\u00f1o<\/strong>: 2009<strong><br \/>\nISBN<\/strong>: 978-84-204-2241-1<strong><br \/>\nP\u00e1ginas<\/strong>: 148<\/p>\n<p>A Jara le asalt\u00f3 un sentimiento raro. Se meti\u00f3 en el ba\u00f1o y se coloc\u00f3 frente al espejo. Sus ojos segu\u00edan siendo los mismos del d\u00eda anterior, grises. El pelo tampoco parec\u00eda ni m\u00e1s largo ni m\u00e1s corto. Sin embargo, ella se notaba distinta. Hab\u00eda cambiado, si. De la noche a la ma\u00f1ana se hab\u00eda transformado en una mujer, pero \u00bfde verdad era todo t\u00e1n f\u00e1cil? Crecer\u2026, ser due\u00f1a de tus actos\u2026 All\u00ed estaban sus padres, su amiga Ihintza, Urko, Jazz, el chico m\u00e1s guapo del instituto, y todo un mundo por descubrir.<\/p>","protected":false},"excerpt":{"rendered":"<p>Autora: Jasone Osoro Editorial: Alfaguara A\u00f1o: 2009 ISBN: 978-84-204-2241-1 P\u00e1ginas: 148 A Jara le asalt\u00f3 un sentimiento raro. Se meti\u00f3 en el ba\u00f1o y se coloc\u00f3 frente al espejo. Sus ojos segu\u00edan siendo los mismos del d\u00eda anterior, grises. El pelo tampoco parec\u00eda ni m\u00e1s largo ni m\u00e1s corto. Sin embargo, ella se notaba distinta. [&hellip;]<\/p>\n","protected":false},"author":3,"featured_media":0,"parent":154,"menu_order":26,"comment_status":"open","ping_status":"closed","template":"","meta":{"ngg_post_thumbnail":0},"_links":{"self":[{"href":"https:\/\/jasoneosoro.com\/es\/wp-json\/wp\/v2\/pages\/326"}],"collection":[{"href":"https:\/\/jasoneosoro.com\/es\/wp-json\/wp\/v2\/pages"}],"about":[{"href":"https:\/\/jasoneosoro.com\/es\/wp-json\/wp\/v2\/types\/page"}],"author":[{"embeddable":true,"href":"https:\/\/jasoneosoro.com\/es\/wp-json\/wp\/v2\/users\/3"}],"replies":[{"embeddable":true,"href":"https:\/\/jasoneosoro.com\/es\/wp-json\/wp\/v2\/comments?post=326"}],"version-history":[{"count":2,"href":"https:\/\/jasoneosoro.com\/es\/wp-json\/wp\/v2\/pages\/326\/revisions"}],"predecessor-version":[{"id":713,"href":"https:\/\/jasoneosoro.com\/es\/wp-json\/wp\/v2\/pages\/326\/revisions\/713"}],"up":[{"embeddable":true,"href":"https:\/\/jasoneosoro.com\/es\/wp-json\/wp\/v2\/pages\/154"}],"wp:attachment":[{"href":"https:\/\/jasoneosoro.com\/es\/wp-json\/wp\/v2\/media?parent=326"}],"curies":[{"name":"wp","href":"https:\/\/api.w.org\/{rel}","templated":true}]}}