{"id":33,"date":"2010-07-01T09:13:47","date_gmt":"2010-07-01T09:13:47","guid":{"rendered":"http:\/\/jasoneosoro.cs\/greta-elkar-2003\/"},"modified":"2020-04-08T07:08:25","modified_gmt":"2020-04-08T07:08:25","slug":"greta-elkar-2003","status":"publish","type":"page","link":"https:\/\/jasoneosoro.com\/es\/bibliografia\/greta-elkar-2003\/","title":{"rendered":"Greta (Elkar, 2003)"},"content":{"rendered":"<p><a href=\"\/wp-content\/uploads\/2010\/07\/greta.jpg\" rel=\"lightbox[33]\"><img loading=\"lazy\" class=\"alignright liburua size-medium wp-image-51\" src=\"\/wp-content\/uploads\/2010\/07\/greta-195x300.jpg\" alt=\"\" width=\"195\" height=\"300\" srcset=\"https:\/\/jasoneosoro.com\/wp-content\/uploads\/2010\/07\/greta-195x300.jpg 195w, https:\/\/jasoneosoro.com\/wp-content\/uploads\/2010\/07\/greta.jpg 525w\" sizes=\"(max-width: 195px) 100vw, 195px\" \/><\/a><\/p>\n<div class=\"fitxa\"><strong>Autora:<\/strong> Jasone Osoro<br \/>\n<strong>Editorial:<\/strong> Seix Barral<br \/>\n<strong>Colecci\u00f3n: <\/strong> Literatura Breve<br \/>\n<strong>Fecha:<\/strong> 2007<br \/>\n<strong>ISBN:<\/strong> 978-84-3221-240-6<br \/>\n<strong>P\u00e1ginas:<\/strong> 192<br \/>\n<strong>Original en euskera: <\/strong> Elkar, 2003 (ISBN 978-84-9783-058-4)<\/div>\n<p>La muerte de su madre deja a Oscar anclado en el pasado. Una vez liquidado el negocio familiar, un antiguo bazar, se aferra a la \u00fanica presencia constante en su vida desde la infancia, un maniqu\u00ed llamado Greta. La obsesi\u00f3n por Greta empieza a \u00edrsele de las manos cuando su novia le da un ultim\u00e1tum: o Greta o yo.<\/p>\n<p>Comienza as\u00ed la b\u00fasqueda de un escaparate para Greta, en un viaje sin retorno hacia ese instante revelador que le permite librarse de su pasado para poder construir un futuro.<\/p>","protected":false},"excerpt":{"rendered":"<p>Autora: Jasone Osoro Editorial: Seix Barral Colecci\u00f3n: Literatura Breve Fecha: 2007 ISBN: 978-84-3221-240-6 P\u00e1ginas: 192 Original en euskera: Elkar, 2003 (ISBN 978-84-9783-058-4) La muerte de su madre deja a Oscar anclado en el pasado. Una vez liquidado el negocio familiar, un antiguo bazar, se aferra a la \u00fanica presencia constante en su vida desde la [&hellip;]<\/p>\n","protected":false},"author":3,"featured_media":0,"parent":154,"menu_order":31,"comment_status":"open","ping_status":"closed","template":"","meta":{"ngg_post_thumbnail":0},"_links":{"self":[{"href":"https:\/\/jasoneosoro.com\/es\/wp-json\/wp\/v2\/pages\/33"}],"collection":[{"href":"https:\/\/jasoneosoro.com\/es\/wp-json\/wp\/v2\/pages"}],"about":[{"href":"https:\/\/jasoneosoro.com\/es\/wp-json\/wp\/v2\/types\/page"}],"author":[{"embeddable":true,"href":"https:\/\/jasoneosoro.com\/es\/wp-json\/wp\/v2\/users\/3"}],"replies":[{"embeddable":true,"href":"https:\/\/jasoneosoro.com\/es\/wp-json\/wp\/v2\/comments?post=33"}],"version-history":[{"count":3,"href":"https:\/\/jasoneosoro.com\/es\/wp-json\/wp\/v2\/pages\/33\/revisions"}],"predecessor-version":[{"id":709,"href":"https:\/\/jasoneosoro.com\/es\/wp-json\/wp\/v2\/pages\/33\/revisions\/709"}],"up":[{"embeddable":true,"href":"https:\/\/jasoneosoro.com\/es\/wp-json\/wp\/v2\/pages\/154"}],"wp:attachment":[{"href":"https:\/\/jasoneosoro.com\/es\/wp-json\/wp\/v2\/media?parent=33"}],"curies":[{"name":"wp","href":"https:\/\/api.w.org\/{rel}","templated":true}]}}