{"id":479,"date":"2010-06-01T08:39:28","date_gmt":"2010-06-01T08:39:28","guid":{"rendered":"http:\/\/jasoneosoro.wpmu.cs\/testuak\/"},"modified":"2015-02-24T08:50:13","modified_gmt":"2015-02-24T08:50:13","slug":"testuak","status":"publish","type":"page","link":"https:\/\/jasoneosoro.com\/es\/testuak\/","title":{"rendered":"Textos"},"content":{"rendered":"<p>En este apartado encontrar\u00e1s:<\/p>\n<ul>\n<li><a href=\"\/es\/testuak\/zutabeak\/\">Columnas de opini\u00f3n<\/a><\/li>\n<li><a href=\"\/es\/testuak\/kolaborazioak\/\">Colaboraciones y otros art\u00edculos<\/a><\/li>\n<li><a href=\"\/es\/testuak\/olerkiak\/\">Poemas<\/a><\/li>\n<\/ul>\n<p><\/p>","protected":false},"excerpt":{"rendered":"<p>En este apartado encontrar\u00e1s: Columnas de opini\u00f3n Colaboraciones y otros art\u00edculos Poemas<\/p>\n","protected":false},"author":3,"featured_media":0,"parent":0,"menu_order":2,"comment_status":"closed","ping_status":"closed","template":"","meta":{"ngg_post_thumbnail":0},"_links":{"self":[{"href":"https:\/\/jasoneosoro.com\/es\/wp-json\/wp\/v2\/pages\/479"}],"collection":[{"href":"https:\/\/jasoneosoro.com\/es\/wp-json\/wp\/v2\/pages"}],"about":[{"href":"https:\/\/jasoneosoro.com\/es\/wp-json\/wp\/v2\/types\/page"}],"author":[{"embeddable":true,"href":"https:\/\/jasoneosoro.com\/es\/wp-json\/wp\/v2\/users\/3"}],"replies":[{"embeddable":true,"href":"https:\/\/jasoneosoro.com\/es\/wp-json\/wp\/v2\/comments?post=479"}],"version-history":[{"count":1,"href":"https:\/\/jasoneosoro.com\/es\/wp-json\/wp\/v2\/pages\/479\/revisions"}],"predecessor-version":[{"id":508,"href":"https:\/\/jasoneosoro.com\/es\/wp-json\/wp\/v2\/pages\/479\/revisions\/508"}],"wp:attachment":[{"href":"https:\/\/jasoneosoro.com\/es\/wp-json\/wp\/v2\/media?parent=479"}],"curies":[{"name":"wp","href":"https:\/\/api.w.org\/{rel}","templated":true}]}}