{"id":542,"date":"2016-02-05T12:11:45","date_gmt":"2016-02-05T12:11:45","guid":{"rendered":"http:\/\/jasoneosoro.com\/?page_id=542"},"modified":"2020-04-08T07:10:14","modified_gmt":"2020-04-08T07:10:14","slug":"12etan-bermuta","status":"publish","type":"page","link":"https:\/\/jasoneosoro.com\/es\/bibliografia\/12etan-bermuta\/","title":{"rendered":"12etan bermuta (Elkar, 2015)"},"content":{"rendered":"<p><img loading=\"lazy\" class=\"size-medium wp-image-543 alignright\" src=\"http:\/\/jasoneosoro.com\/wp-content\/uploads\/2016\/02\/12etan-bermouth-a-196x300.jpg\" alt=\"338_12etan bermuta_AZALA.indd\" width=\"196\" height=\"300\" srcset=\"https:\/\/jasoneosoro.com\/wp-content\/uploads\/2016\/02\/12etan-bermouth-a-196x300.jpg 196w, https:\/\/jasoneosoro.com\/wp-content\/uploads\/2016\/02\/12etan-bermouth-a.jpg 200w\" sizes=\"(max-width: 196px) 100vw, 196px\" \/><\/p>\n<div class=\"fitxa\"><strong>Autor<\/strong>: Jasone Osoro Igartua<br \/>\n<strong>ISBN:<\/strong> 978-84-9027-390-6<br \/>\n<strong>EAN:<\/strong> 9788490273906<br \/>\n<strong>Editorial:<\/strong> ELKAR<br \/>\n<strong>Colecci\u00f3n:<\/strong> EUSKAL LITERATURA<br \/>\n<strong>Idioma:<\/strong> Euskera<br \/>\n<strong>A\u00f1o de edici\u00f3n:<\/strong> 2015<\/div>\n<p>Maitasuna, zeloak, altruismoa, egoismoa, inbidia, erresumina, beharra, kari\u00f1oa, menpekotasuna, miseria, errua, plazera, damua, desesperazioa, nartzisismoa, beldurra, neurosia,\u2026 sentimendu- sorta zabalaren sorleku dira harremanak, eta horiek denak eta askoz gehiago ageri ditu eleberri honetako protagonista Bertak, bere bizitzaren errepasoa egin eta inportanteak izan diren pertsonekiko solasean: ama, aita, alaba, senarra, amama, anaia, maitalea, laguna\u2026 Mosaiko baten eran eraiki du Jasone Osorok lan hau: pieza txikiz osatua, tesela bakoitza kolore batekoa, denak bere horretan bixiak eta bitxiak, baina elkarren ondoan jarrita koadro eder eta harrigarri bat osatzen dutenak, kaleidoskopio bat bezain \u00f1abar eta mugikorra, urtetako esperientzia bital eta artistikoa erakusten duena; sortzailearen heldutasun emankorra..<\/p>","protected":false},"excerpt":{"rendered":"<p>Autor: Jasone Osoro Igartua ISBN: 978-84-9027-390-6 EAN: 9788490273906 Editorial: ELKAR Colecci\u00f3n: EUSKAL LITERATURA Idioma: Euskera A\u00f1o de edici\u00f3n: 2015 Maitasuna, zeloak, altruismoa, egoismoa, inbidia, erresumina, beharra, kari\u00f1oa, menpekotasuna, miseria, errua, plazera, damua, desesperazioa, nartzisismoa, beldurra, neurosia,\u2026 sentimendu- sorta zabalaren sorleku dira harremanak, eta horiek denak eta askoz gehiago ageri ditu eleberri honetako protagonista Bertak, bere [&hellip;]<\/p>\n","protected":false},"author":3,"featured_media":0,"parent":154,"menu_order":20,"comment_status":"closed","ping_status":"closed","template":"","meta":{"ngg_post_thumbnail":0},"_links":{"self":[{"href":"https:\/\/jasoneosoro.com\/es\/wp-json\/wp\/v2\/pages\/542"}],"collection":[{"href":"https:\/\/jasoneosoro.com\/es\/wp-json\/wp\/v2\/pages"}],"about":[{"href":"https:\/\/jasoneosoro.com\/es\/wp-json\/wp\/v2\/types\/page"}],"author":[{"embeddable":true,"href":"https:\/\/jasoneosoro.com\/es\/wp-json\/wp\/v2\/users\/3"}],"replies":[{"embeddable":true,"href":"https:\/\/jasoneosoro.com\/es\/wp-json\/wp\/v2\/comments?post=542"}],"version-history":[{"count":19,"href":"https:\/\/jasoneosoro.com\/es\/wp-json\/wp\/v2\/pages\/542\/revisions"}],"predecessor-version":[{"id":698,"href":"https:\/\/jasoneosoro.com\/es\/wp-json\/wp\/v2\/pages\/542\/revisions\/698"}],"up":[{"embeddable":true,"href":"https:\/\/jasoneosoro.com\/es\/wp-json\/wp\/v2\/pages\/154"}],"wp:attachment":[{"href":"https:\/\/jasoneosoro.com\/es\/wp-json\/wp\/v2\/media?parent=542"}],"curies":[{"name":"wp","href":"https:\/\/api.w.org\/{rel}","templated":true}]}}