{"id":588,"date":"2017-09-14T14:55:57","date_gmt":"2017-09-14T14:55:57","guid":{"rendered":"http:\/\/jasoneosoro.com\/?page_id=588"},"modified":"2020-04-08T07:11:34","modified_gmt":"2020-04-08T07:11:34","slug":"eskularru-beltzak","status":"publish","type":"page","link":"https:\/\/jasoneosoro.com\/es\/bibliografia\/eskularru-beltzak\/","title":{"rendered":"Eskularru beltzak (Elkar, 2017)"},"content":{"rendered":"<p><img loading=\"lazy\" class=\"alignright size-medium wp-image-580\" src=\"http:\/\/jasoneosoro.com\/wp-content\/uploads\/2011\/05\/EskularruBeltzak-200x300.jpg\" alt=\"\" width=\"200\" height=\"300\" srcset=\"https:\/\/jasoneosoro.com\/wp-content\/uploads\/2011\/05\/EskularruBeltzak-200x300.jpg 200w, https:\/\/jasoneosoro.com\/wp-content\/uploads\/2011\/05\/EskularruBeltzak-768x1149.jpg 768w, https:\/\/jasoneosoro.com\/wp-content\/uploads\/2011\/05\/EskularruBeltzak-684x1024.jpg 684w, https:\/\/jasoneosoro.com\/wp-content\/uploads\/2011\/05\/EskularruBeltzak.jpg 1170w\" sizes=\"(max-width: 200px) 100vw, 200px\" \/><\/p>\n<div class=\"fitxa\"><strong>Autor<\/strong>: Jasone Osoro Igartua \/ J. \u00abjosevisky\u00bb Larretxe (il. )<br \/>\n<strong>ISBN:<\/strong> 978-84-9027-678-5<br \/>\n<strong>EAN:<\/strong> 9788490276785<br \/>\n<strong>Editorial:<\/strong> ELKAR<br \/>\n<strong>Colecci\u00f3n:<\/strong> ESKULARRU BELTZAK<br \/>\n<strong>Idioma:<\/strong> Euskera<br \/>\n<strong>A\u00f1o de edici\u00f3n:<\/strong> 2017<\/div>\n<p>El nuevo proyecto de Jasone Osoro se llama Eskularru beltzak, y es una colecci\u00f3n para j\u00f3venes lectores. En el primer volumen de la colecci\u00f3n se dan a conocer todos los protagonistas: Baba, Beire, Linda, Lete, Beyonce, Kar y Bala, un galgo. El boxeo es otro de los protagonistas de las historias. El boxeo como met\u00e1fora de la vida, ya que la vida es como un ring donde peleamos todos los d\u00edas, donde, a pesar de caer m\u00e1s de una vez, tenemos que seguir peleando sin rendirnos.<\/p>\n<p>El segundo libro tendr\u00e1 como t\u00edtulo Casting-a y ver\u00e1 la luz en breve.<\/p>","protected":false},"excerpt":{"rendered":"<p>Autor: Jasone Osoro Igartua \/ J. \u00abjosevisky\u00bb Larretxe (il. ) ISBN: 978-84-9027-678-5 EAN: 9788490276785 Editorial: ELKAR Colecci\u00f3n: ESKULARRU BELTZAK Idioma: Euskera A\u00f1o de edici\u00f3n: 2017 El nuevo proyecto de Jasone Osoro se llama Eskularru beltzak, y es una colecci\u00f3n para j\u00f3venes lectores. En el primer volumen de la colecci\u00f3n se dan a conocer todos los [&hellip;]<\/p>\n","protected":false},"author":3,"featured_media":0,"parent":154,"menu_order":13,"comment_status":"closed","ping_status":"closed","template":"","meta":{"ngg_post_thumbnail":0},"_links":{"self":[{"href":"https:\/\/jasoneosoro.com\/es\/wp-json\/wp\/v2\/pages\/588"}],"collection":[{"href":"https:\/\/jasoneosoro.com\/es\/wp-json\/wp\/v2\/pages"}],"about":[{"href":"https:\/\/jasoneosoro.com\/es\/wp-json\/wp\/v2\/types\/page"}],"author":[{"embeddable":true,"href":"https:\/\/jasoneosoro.com\/es\/wp-json\/wp\/v2\/users\/3"}],"replies":[{"embeddable":true,"href":"https:\/\/jasoneosoro.com\/es\/wp-json\/wp\/v2\/comments?post=588"}],"version-history":[{"count":9,"href":"https:\/\/jasoneosoro.com\/es\/wp-json\/wp\/v2\/pages\/588\/revisions"}],"predecessor-version":[{"id":721,"href":"https:\/\/jasoneosoro.com\/es\/wp-json\/wp\/v2\/pages\/588\/revisions\/721"}],"up":[{"embeddable":true,"href":"https:\/\/jasoneosoro.com\/es\/wp-json\/wp\/v2\/pages\/154"}],"wp:attachment":[{"href":"https:\/\/jasoneosoro.com\/es\/wp-json\/wp\/v2\/media?parent=588"}],"curies":[{"name":"wp","href":"https:\/\/api.w.org\/{rel}","templated":true}]}}