{"id":608,"date":"2018-09-05T13:51:48","date_gmt":"2018-09-05T13:51:48","guid":{"rendered":"http:\/\/jasoneosoro.com\/?page_id=608"},"modified":"2020-04-08T07:11:24","modified_gmt":"2020-04-08T07:11:24","slug":"eskularru-beltzak-casting-a","status":"publish","type":"page","link":"https:\/\/jasoneosoro.com\/es\/bibliografia\/eskularru-beltzak-casting-a\/","title":{"rendered":"Eskularru Beltzak &#8211; Casting-a (Elkar, 2017)"},"content":{"rendered":"<p><strong><img loading=\"lazy\" class=\"alignright size-full wp-image-615\" src=\"http:\/\/jasoneosoro.com\/wp-content\/uploads\/2018\/09\/casting-a.jpg\" alt=\"\" width=\"200\" height=\"295\">Autor:<\/strong> Jasone Osoro Igartua \/ J. \u00abjosevisky\u00bb Larratxe (il. )<br \/>\n<strong>ISBN: <\/strong>978-84-9027-716-4<br \/>\n<strong>EAN:<\/strong> 9788490277164<br \/>\n<strong>Editorial:<\/strong>ELKAR<br \/>\n<strong>Colecci\u00f3n:<\/strong>ESKULARRU BELTZAK<br \/>\n<strong>Idioma:<\/strong> Euskera<br \/>\n<strong>A\u00f1o de edici\u00f3n:<\/strong> 2017<br \/>\n<strong>Formato:<\/strong> RUSTICA<br \/>\n<strong>N\u00famero de p\u00e1ginas:<\/strong> 148<\/p>\n<p><em><strong>Eskularru beltzak, Casting-a, Jasone Osoro, <\/strong><\/em><strong>Joseba Larratxe \u00abJosevisky\u00bb<\/strong>: Batetik Beire, Lete eta Kar. Bestetik Baba, Linda eta Beyonce. Institutuko bi talde, aurrez aurre. Oraingoan, berriz, telebistako saio baterako casting-a dela-eta sortuko dira norgehiagoka eta istiluak, bere dohainekin nor nabarmenduko, telebistako arduradunek nor hautatuko. Tartean, mozorro-festa bat ere egongo da, kontzertu eta guzti. Eta Babak boxeolariaren eskularru beltzak jantziko ditu berriz ere, ringera itzultzeko. Hainbat beldur eta ikara gainditu beharko dituzte protagonistek, bizitzako bidegurutze eta zalantzen aurrean, zirt ala zart, aurrera egiteko.<\/p>","protected":false},"excerpt":{"rendered":"<p>Autor: Jasone Osoro Igartua \/ J. \u00abjosevisky\u00bb Larratxe (il. ) ISBN: 978-84-9027-716-4 EAN: 9788490277164 Editorial:ELKAR Colecci\u00f3n:ESKULARRU BELTZAK Idioma: Euskera A\u00f1o de edici\u00f3n: 2017 Formato: RUSTICA N\u00famero de p\u00e1ginas: 148 Eskularru beltzak, Casting-a, Jasone Osoro, Joseba Larratxe \u00abJosevisky\u00bb: Batetik Beire, Lete eta Kar. Bestetik Baba, Linda eta Beyonce. Institutuko bi talde, aurrez aurre. Oraingoan, berriz, telebistako [&hellip;]<\/p>\n","protected":false},"author":5,"featured_media":0,"parent":154,"menu_order":14,"comment_status":"closed","ping_status":"closed","template":"","meta":{"ngg_post_thumbnail":0},"_links":{"self":[{"href":"https:\/\/jasoneosoro.com\/es\/wp-json\/wp\/v2\/pages\/608"}],"collection":[{"href":"https:\/\/jasoneosoro.com\/es\/wp-json\/wp\/v2\/pages"}],"about":[{"href":"https:\/\/jasoneosoro.com\/es\/wp-json\/wp\/v2\/types\/page"}],"author":[{"embeddable":true,"href":"https:\/\/jasoneosoro.com\/es\/wp-json\/wp\/v2\/users\/5"}],"replies":[{"embeddable":true,"href":"https:\/\/jasoneosoro.com\/es\/wp-json\/wp\/v2\/comments?post=608"}],"version-history":[{"count":8,"href":"https:\/\/jasoneosoro.com\/es\/wp-json\/wp\/v2\/pages\/608\/revisions"}],"predecessor-version":[{"id":637,"href":"https:\/\/jasoneosoro.com\/es\/wp-json\/wp\/v2\/pages\/608\/revisions\/637"}],"up":[{"embeddable":true,"href":"https:\/\/jasoneosoro.com\/es\/wp-json\/wp\/v2\/pages\/154"}],"wp:attachment":[{"href":"https:\/\/jasoneosoro.com\/es\/wp-json\/wp\/v2\/media?parent=608"}],"curies":[{"name":"wp","href":"https:\/\/api.w.org\/{rel}","templated":true}]}}