{"id":620,"date":"2018-09-05T14:19:09","date_gmt":"2018-09-05T14:19:09","guid":{"rendered":"http:\/\/jasoneosoro.com\/?page_id=620"},"modified":"2020-04-08T07:11:13","modified_gmt":"2020-04-08T07:11:13","slug":"eskularru-beltzak-ikasbidaia","status":"publish","type":"page","link":"https:\/\/jasoneosoro.com\/es\/bibliografia\/eskularru-beltzak-ikasbidaia\/","title":{"rendered":"Eskularru Beltzak &#8211; Ikasbidaia (Elkar, 2018)"},"content":{"rendered":"<p><img loading=\"lazy\" class=\"alignright size-full wp-image-622\" src=\"http:\/\/jasoneosoro.com\/wp-content\/uploads\/2018\/09\/ikasbidaia.jpg\" alt=\"\" width=\"200\" height=\"293\"><strong>Autor:<\/strong>Jasone Osoro Igartua \/ J. \u00abjosevisky\u00bb Larratxe (il. )<br \/>\n<strong>ISBN:<\/strong> 978-84-9027-791-1<br \/>\n<strong>EAN:<\/strong> 9788490277911<br \/>\n<strong>Editorial<\/strong>:ELKAR<br \/>\n<strong>Colecci\u00f3n:<\/strong>ESKULARRU BELTZAK<br \/>\n<strong>Idioma:&nbsp; <\/strong>Euskara<br \/>\n<strong>A\u00f1o de edici\u00f3n: <\/strong>2018<br \/>\n<strong>Format0:<\/strong> RUSTIKA<br \/>\n<strong>N\u00edmero de paginas:<\/strong> 132<br \/>\n<strong>Tama\u00f1o:<\/strong> 210&#215;140<\/p>\n<p><strong><em>Eskularru beltzak, Ikasbidaia<\/em>, Jasone Osoro, Joseba Larratxe \u00abJosevisky\u00bb (ilustratzailea)<\/strong>: Institutuan ikasbidaia prestatzen ari diren garaian, Beire, Kar eta Lete nahiz Baba, Linda eta Beyonceren bizitzek hankaz gora jarrita dirudite. Euren arteko harremanak aldatzen ari dira eta guztiak daude beren egoera berrietan endredatuta: Beyonce urduri dago telesailaren grabaketarekin, Karrek nahikoa lan du etxeko azken gertakariek ekarri dituzten ondorioetara ohitzen, Beire bakarrik sentitzen da Lete eta Babaren sekretua jakin ostean eta Lindak, beste behin, berak bilatu gabeko protagonismoa kudeatzen ikasi beharko du. Maltara egingo duten bidaian gauzak are gehiago nahastuko dira, eta itzultzean, ezbehar batek, boxeo-borrokaldi batean bezala, guztiak kao utziko ditu.<\/p>","protected":false},"excerpt":{"rendered":"<p>Autor:Jasone Osoro Igartua \/ J. \u00abjosevisky\u00bb Larratxe (il. ) ISBN: 978-84-9027-791-1 EAN: 9788490277911 Editorial:ELKAR Colecci\u00f3n:ESKULARRU BELTZAK Idioma:&nbsp; Euskara A\u00f1o de edici\u00f3n: 2018 Format0: RUSTIKA N\u00edmero de paginas: 132 Tama\u00f1o: 210&#215;140 Eskularru beltzak, Ikasbidaia, Jasone Osoro, Joseba Larratxe \u00abJosevisky\u00bb (ilustratzailea): Institutuan ikasbidaia prestatzen ari diren garaian, Beire, Kar eta Lete nahiz Baba, Linda eta Beyonceren bizitzek [&hellip;]<\/p>\n","protected":false},"author":5,"featured_media":0,"parent":154,"menu_order":15,"comment_status":"closed","ping_status":"closed","template":"","meta":{"ngg_post_thumbnail":0},"_links":{"self":[{"href":"https:\/\/jasoneosoro.com\/es\/wp-json\/wp\/v2\/pages\/620"}],"collection":[{"href":"https:\/\/jasoneosoro.com\/es\/wp-json\/wp\/v2\/pages"}],"about":[{"href":"https:\/\/jasoneosoro.com\/es\/wp-json\/wp\/v2\/types\/page"}],"author":[{"embeddable":true,"href":"https:\/\/jasoneosoro.com\/es\/wp-json\/wp\/v2\/users\/5"}],"replies":[{"embeddable":true,"href":"https:\/\/jasoneosoro.com\/es\/wp-json\/wp\/v2\/comments?post=620"}],"version-history":[{"count":5,"href":"https:\/\/jasoneosoro.com\/es\/wp-json\/wp\/v2\/pages\/620\/revisions"}],"predecessor-version":[{"id":639,"href":"https:\/\/jasoneosoro.com\/es\/wp-json\/wp\/v2\/pages\/620\/revisions\/639"}],"up":[{"embeddable":true,"href":"https:\/\/jasoneosoro.com\/es\/wp-json\/wp\/v2\/pages\/154"}],"wp:attachment":[{"href":"https:\/\/jasoneosoro.com\/es\/wp-json\/wp\/v2\/media?parent=620"}],"curies":[{"name":"wp","href":"https:\/\/api.w.org\/{rel}","templated":true}]}}