{"id":646,"date":"2018-12-19T14:20:02","date_gmt":"2018-12-19T14:20:02","guid":{"rendered":"http:\/\/jasoneosoro.com\/?page_id=646"},"modified":"2020-04-08T07:11:04","modified_gmt":"2020-04-08T07:11:04","slug":"eskularru-beltzak-ihes-elkar-2018","status":"publish","type":"page","link":"https:\/\/jasoneosoro.com\/es\/bibliografia\/eskularru-beltzak-ihes-elkar-2018\/","title":{"rendered":"Eskularru Beltzak &#8211; Ihes (Elkar, 2018)"},"content":{"rendered":"<p><img loading=\"lazy\" class=\"alignright size-full wp-image-649\" src=\"http:\/\/jasoneosoro.com\/wp-content\/uploads\/2018\/12\/ihes.jpg\" alt=\"\" width=\"200\" height=\"290\"><strong>Autor:<\/strong>Jasone Osoro Igartua \/ J. \u00abjosevisky\u00bb Larratxe (il. )<br \/>\n<strong>ISBN:<\/strong> 978-84-9027-835-2<br \/>\n<strong>EAN:<\/strong> 9788490278352<br \/>\n<strong>Editorial<\/strong>:ELKAR<br \/>\n<strong>Colecci\u00f3n:<\/strong>ESKULARRU BELTZAK<br \/>\n<strong>Idioma: <\/strong>Euskara<br \/>\n<strong>A\u00f1o de edici\u00f3n: <\/strong>2018<br \/>\n<strong>Formato:<\/strong> RUSTIKA<br \/>\n<strong>N\u00famero de p\u00e1ginas:<\/strong> 156<br \/>\n<strong>Tama\u00f1o:<\/strong> 210&#215;140<\/p>\n<p><strong><em>Eskularru beltzak, Ihes<\/em>, Jasone Osoro, Joseba Larratxe \u00abJosevisky\u00bb (ilustratzailea)<\/strong>: Beireri ihes egitea beste erremediorik ez zaio geratu, guztiek botatzen baitiote Lindari gertatutakoaren errua. Martin eta Balarekin egin du ihes. Linda ospitalean koman dagoela, Beyoncek sentitzen du inork baino gehiago lagunak utzitako hutsunea, nahiz eta parte hartu duen telesailaren estreinaldiak erabat aztoratuta daukan. Kar egokitzen ari da aita gurpilaulkiari lotuta bizitzen ikustera, ama etxetik joan dela onartzearekin batera. Herriko jaietan Txiki Egunean askatuko dira, azkenik, guztien kanpo eta barne korapiloak, berriro ere lagunartera etorriz.<\/p>","protected":false},"excerpt":{"rendered":"<p>Autor:Jasone Osoro Igartua \/ J. \u00abjosevisky\u00bb Larratxe (il. ) ISBN: 978-84-9027-835-2 EAN: 9788490278352 Editorial:ELKAR Colecci\u00f3n:ESKULARRU BELTZAK Idioma: Euskara A\u00f1o de edici\u00f3n: 2018 Formato: RUSTIKA N\u00famero de p\u00e1ginas: 156 Tama\u00f1o: 210&#215;140 Eskularru beltzak, Ihes, Jasone Osoro, Joseba Larratxe \u00abJosevisky\u00bb (ilustratzailea): Beireri ihes egitea beste erremediorik ez zaio geratu, guztiek botatzen baitiote Lindari gertatutakoaren errua. Martin eta [&hellip;]<\/p>\n","protected":false},"author":5,"featured_media":0,"parent":154,"menu_order":16,"comment_status":"closed","ping_status":"closed","template":"","meta":{"ngg_post_thumbnail":0},"_links":{"self":[{"href":"https:\/\/jasoneosoro.com\/es\/wp-json\/wp\/v2\/pages\/646"}],"collection":[{"href":"https:\/\/jasoneosoro.com\/es\/wp-json\/wp\/v2\/pages"}],"about":[{"href":"https:\/\/jasoneosoro.com\/es\/wp-json\/wp\/v2\/types\/page"}],"author":[{"embeddable":true,"href":"https:\/\/jasoneosoro.com\/es\/wp-json\/wp\/v2\/users\/5"}],"replies":[{"embeddable":true,"href":"https:\/\/jasoneosoro.com\/es\/wp-json\/wp\/v2\/comments?post=646"}],"version-history":[{"count":8,"href":"https:\/\/jasoneosoro.com\/es\/wp-json\/wp\/v2\/pages\/646\/revisions"}],"predecessor-version":[{"id":720,"href":"https:\/\/jasoneosoro.com\/es\/wp-json\/wp\/v2\/pages\/646\/revisions\/720"}],"up":[{"embeddable":true,"href":"https:\/\/jasoneosoro.com\/es\/wp-json\/wp\/v2\/pages\/154"}],"wp:attachment":[{"href":"https:\/\/jasoneosoro.com\/es\/wp-json\/wp\/v2\/media?parent=646"}],"curies":[{"name":"wp","href":"https:\/\/api.w.org\/{rel}","templated":true}]}}