{"id":663,"date":"2020-04-06T15:01:33","date_gmt":"2020-04-06T15:01:33","guid":{"rendered":"http:\/\/jasoneosoro.com\/?page_id=663"},"modified":"2020-04-08T16:04:35","modified_gmt":"2020-04-08T16:04:35","slug":"iritsi-gara","status":"publish","type":"page","link":"https:\/\/jasoneosoro.com\/es\/bibliografia\/iritsi-gara\/","title":{"rendered":"Iritsi gara (2019)"},"content":{"rendered":"<p><strong><img loading=\"lazy\" class=\"alignright size-medium wp-image-665\" src=\"http:\/\/jasoneosoro.com\/wp-content\/uploads\/2020\/04\/iritsi-gara-goazen-libro-1-212x300.jpg\" alt=\"\" width=\"212\" height=\"300\" srcset=\"https:\/\/jasoneosoro.com\/wp-content\/uploads\/2020\/04\/iritsi-gara-goazen-libro-1-212x300.jpg 212w, https:\/\/jasoneosoro.com\/wp-content\/uploads\/2020\/04\/iritsi-gara-goazen-libro-1.jpg 310w\" sizes=\"(max-width: 212px) 100vw, 212px\" \/>Autor:<\/strong> Jasone Osoro Igartua \/Alai Zubimendi Idarreta (il. )<br \/>\n<strong>Editorial: <\/strong>Alai<br \/>\n<strong>Colecci\u00f3n: <\/strong>Go!azen<br \/>\n<strong>Idioma:<\/strong> Euskera<br \/>\n<strong>A\u00f1o de edici\u00f3n:<\/strong> 2019<br \/>\n<strong>ISBN:<\/strong> 978-84-120944-0-4<br \/>\n<strong>Formato:<\/strong> 210&#215;145<br \/>\n<strong>N\u00famero de p\u00e1ginas:<\/strong> 116<\/p>\n<p>Un cami\u00f3n se ha cruzado en la carretera y ha provocado grandes retenciones. La espera se va a alargar m\u00e1s de lo imaginado y docenas de autobuses y coches se ven afectados. En uno de esos coches se encuentran Zuri, Eli, Gari y Julen. En uno de los autobuses, Danel, Eider, Eneko, Maddi, June e Igor. Aimar va en coche con su madre. Gabo empieza a desesperarse porque se est\u00e1n retrasando en la gasolinera. De un modo u otro, las vidas de todos se cruzar\u00e1n en el camino. Conocer\u00e1n a una familia hippy, gente que hace autoestop, un lago escondido&#8230; Despu\u00e9s de vivir incontables aventuras, al fin s\u00ed, al fin han llegado a Basakabi.<\/p>","protected":false},"excerpt":{"rendered":"<p>Autor: Jasone Osoro Igartua \/Alai Zubimendi Idarreta (il. ) Editorial: Alai Colecci\u00f3n: Go!azen Idioma: Euskera A\u00f1o de edici\u00f3n: 2019 ISBN: 978-84-120944-0-4 Formato: 210&#215;145 N\u00famero de p\u00e1ginas: 116 Un cami\u00f3n se ha cruzado en la carretera y ha provocado grandes retenciones. La espera se va a alargar m\u00e1s de lo imaginado y docenas de autobuses y [&hellip;]<\/p>\n","protected":false},"author":5,"featured_media":0,"parent":154,"menu_order":11,"comment_status":"closed","ping_status":"closed","template":"","meta":{"ngg_post_thumbnail":0},"_links":{"self":[{"href":"https:\/\/jasoneosoro.com\/es\/wp-json\/wp\/v2\/pages\/663"}],"collection":[{"href":"https:\/\/jasoneosoro.com\/es\/wp-json\/wp\/v2\/pages"}],"about":[{"href":"https:\/\/jasoneosoro.com\/es\/wp-json\/wp\/v2\/types\/page"}],"author":[{"embeddable":true,"href":"https:\/\/jasoneosoro.com\/es\/wp-json\/wp\/v2\/users\/5"}],"replies":[{"embeddable":true,"href":"https:\/\/jasoneosoro.com\/es\/wp-json\/wp\/v2\/comments?post=663"}],"version-history":[{"count":8,"href":"https:\/\/jasoneosoro.com\/es\/wp-json\/wp\/v2\/pages\/663\/revisions"}],"predecessor-version":[{"id":727,"href":"https:\/\/jasoneosoro.com\/es\/wp-json\/wp\/v2\/pages\/663\/revisions\/727"}],"up":[{"embeddable":true,"href":"https:\/\/jasoneosoro.com\/es\/wp-json\/wp\/v2\/pages\/154"}],"wp:attachment":[{"href":"https:\/\/jasoneosoro.com\/es\/wp-json\/wp\/v2\/media?parent=663"}],"curies":[{"name":"wp","href":"https:\/\/api.w.org\/{rel}","templated":true}]}}