{"id":675,"date":"2020-04-06T15:41:40","date_gmt":"2020-04-06T15:41:40","guid":{"rendered":"http:\/\/jasoneosoro.com\/?page_id=675"},"modified":"2020-04-08T16:05:48","modified_gmt":"2020-04-08T16:05:48","slug":"eiderren-egunerokoa","status":"publish","type":"page","link":"https:\/\/jasoneosoro.com\/es\/bibliografia\/eiderren-egunerokoa\/","title":{"rendered":"Eiderren egunerokoa (2019)"},"content":{"rendered":"<p><strong><img loading=\"lazy\" class=\"alignright size-medium wp-image-666\" src=\"http:\/\/jasoneosoro.com\/wp-content\/uploads\/2020\/04\/eiderren-egunerokoa-goazen-libro-2-200x300.jpg\" alt=\"\" width=\"200\" height=\"300\" srcset=\"https:\/\/jasoneosoro.com\/wp-content\/uploads\/2020\/04\/eiderren-egunerokoa-goazen-libro-2-200x300.jpg 200w, https:\/\/jasoneosoro.com\/wp-content\/uploads\/2020\/04\/eiderren-egunerokoa-goazen-libro-2.jpg 418w\" sizes=\"(max-width: 200px) 100vw, 200px\" \/>Autora:<\/strong> Jasone Osoro Igartua \/Alai Zubimendi Idarreta (il. )<br \/>\n<strong>Editorial: <\/strong>Alai<br \/>\n<strong>Colecci\u00f3n: <\/strong>Go!azen<br \/>\n<strong>ISBN:<\/strong> 978-84-120944-1-1<br \/>\n<strong>Idioma:<\/strong> Euskera<br \/>\n<strong>A\u00f1o de edici\u00f3n:<\/strong> 2020<br \/>\n<strong>Formato:<\/strong> 210&#215;145<br \/>\n<strong>P\u00e1ginas:<\/strong> 112<\/p>\n<p>Iker es escalador, un chico majo y encantador. Eider sue\u00f1a con \u00e9l desde hace tiempo. Cuando menos se lo espera, Iker se le acerca y empiezan a salir juntos. Eider est\u00e1 loca de contenta y escribe todo lo que siente y est\u00e1 viviendo en su diario. Gracias a ese diario nos daremos cuenta de que lo que&nbsp;deber\u00eda ser un&nbsp;noviazgo enriquecedor es en realidad relaci\u00f3n t\u00f3xica. Gracias a Danel, Eider se dar\u00e1 cuenta de lo que est\u00e1 viviendo y de que los pr\u00edncipes azules no existen.<\/p>","protected":false},"excerpt":{"rendered":"<p>Autora: Jasone Osoro Igartua \/Alai Zubimendi Idarreta (il. ) Editorial: Alai Colecci\u00f3n: Go!azen ISBN: 978-84-120944-1-1 Idioma: Euskera A\u00f1o de edici\u00f3n: 2020 Formato: 210&#215;145 P\u00e1ginas: 112 Iker es escalador, un chico majo y encantador. Eider sue\u00f1a con \u00e9l desde hace tiempo. Cuando menos se lo espera, Iker se le acerca y empiezan a salir juntos. Eider [&hellip;]<\/p>\n","protected":false},"author":5,"featured_media":0,"parent":154,"menu_order":12,"comment_status":"closed","ping_status":"closed","template":"","meta":{"ngg_post_thumbnail":0},"_links":{"self":[{"href":"https:\/\/jasoneosoro.com\/es\/wp-json\/wp\/v2\/pages\/675"}],"collection":[{"href":"https:\/\/jasoneosoro.com\/es\/wp-json\/wp\/v2\/pages"}],"about":[{"href":"https:\/\/jasoneosoro.com\/es\/wp-json\/wp\/v2\/types\/page"}],"author":[{"embeddable":true,"href":"https:\/\/jasoneosoro.com\/es\/wp-json\/wp\/v2\/users\/5"}],"replies":[{"embeddable":true,"href":"https:\/\/jasoneosoro.com\/es\/wp-json\/wp\/v2\/comments?post=675"}],"version-history":[{"count":6,"href":"https:\/\/jasoneosoro.com\/es\/wp-json\/wp\/v2\/pages\/675\/revisions"}],"predecessor-version":[{"id":730,"href":"https:\/\/jasoneosoro.com\/es\/wp-json\/wp\/v2\/pages\/675\/revisions\/730"}],"up":[{"embeddable":true,"href":"https:\/\/jasoneosoro.com\/es\/wp-json\/wp\/v2\/pages\/154"}],"wp:attachment":[{"href":"https:\/\/jasoneosoro.com\/es\/wp-json\/wp\/v2\/media?parent=675"}],"curies":[{"name":"wp","href":"https:\/\/api.w.org\/{rel}","templated":true}]}}