{"id":733,"date":"2020-12-03T14:04:22","date_gmt":"2020-12-03T14:04:22","guid":{"rendered":"http:\/\/jasoneosoro.com\/?page_id=733"},"modified":"2020-12-03T14:15:35","modified_gmt":"2020-12-03T14:15:35","slug":"maddiren-amona-influencerra-2020","status":"publish","type":"page","link":"https:\/\/jasoneosoro.com\/es\/bibliografia\/maddiren-amona-influencerra-2020\/","title":{"rendered":"Maddiren amona influencerra (2020)"},"content":{"rendered":"<p><strong><img loading=\"lazy\" class=\"alignnone size-medium wp-image-734 alignright\" src=\"http:\/\/jasoneosoro.com\/wp-content\/uploads\/2020\/12\/MaddirenAmonaInfluencerra-190x300.jpg\" alt=\"\" width=\"190\" height=\"300\" srcset=\"https:\/\/jasoneosoro.com\/wp-content\/uploads\/2020\/12\/MaddirenAmonaInfluencerra-190x300.jpg 190w, https:\/\/jasoneosoro.com\/wp-content\/uploads\/2020\/12\/MaddirenAmonaInfluencerra.jpg 356w\" sizes=\"(max-width: 190px) 100vw, 190px\" \/>Autor:<\/strong> Jasone Osoro Igartua \/Alai Zubimendi Idarreta (il. )<br \/>\n<strong>Editorial: <\/strong>Alai<br \/>\n<strong>Colecci\u00f3n: <\/strong>Go!azen<br \/>\n<strong>Idioma:<\/strong> Euskera<br \/>\n<strong>A\u00f1o de edici\u00f3n:<\/strong> 2020<br \/>\n<strong>Formato:<\/strong> 210&#215;145<br \/>\n<strong>N\u00famero de p\u00e1ginas:<\/strong> 112<\/p>\n<p>Covid19 malapartatuak mundu osoa astindu du. Maddiren gurasoak Maldivar irletan harrapatu ditu oporretan, eta etxera itzuli ezinik daude; ondorioz, Maddik amonaren etxean pasatu beharko du itxialdia. Hasiera batean aspergarria zirudien plana sorpresaz eta abenturaz beterikoa izango da. Batetik, Maddik Basakabiko lagunekin bideo-deiak egiteko aukera izango du, eta, bestetik, sare sozialei esker amonak bere gaztetako mutil-lagun batekin topo egingo du. Bestelakorik gerta al daiteke? Bada, bai! Ustekabean, Maddiren amona influencer bihurtuko da!<\/p>","protected":false},"excerpt":{"rendered":"<p>Autor: Jasone Osoro Igartua \/Alai Zubimendi Idarreta (il. ) Editorial: Alai Colecci\u00f3n: Go!azen Idioma: Euskera A\u00f1o de edici\u00f3n: 2020 Formato: 210&#215;145 N\u00famero de p\u00e1ginas: 112 Covid19 malapartatuak mundu osoa astindu du. Maddiren gurasoak Maldivar irletan harrapatu ditu oporretan, eta etxera itzuli ezinik daude; ondorioz, Maddik amonaren etxean pasatu beharko du itxialdia. Hasiera batean aspergarria zirudien [&hellip;]<\/p>\n","protected":false},"author":3,"featured_media":0,"parent":154,"menu_order":0,"comment_status":"closed","ping_status":"closed","template":"","meta":{"ngg_post_thumbnail":0},"_links":{"self":[{"href":"https:\/\/jasoneosoro.com\/es\/wp-json\/wp\/v2\/pages\/733"}],"collection":[{"href":"https:\/\/jasoneosoro.com\/es\/wp-json\/wp\/v2\/pages"}],"about":[{"href":"https:\/\/jasoneosoro.com\/es\/wp-json\/wp\/v2\/types\/page"}],"author":[{"embeddable":true,"href":"https:\/\/jasoneosoro.com\/es\/wp-json\/wp\/v2\/users\/3"}],"replies":[{"embeddable":true,"href":"https:\/\/jasoneosoro.com\/es\/wp-json\/wp\/v2\/comments?post=733"}],"version-history":[{"count":2,"href":"https:\/\/jasoneosoro.com\/es\/wp-json\/wp\/v2\/pages\/733\/revisions"}],"predecessor-version":[{"id":736,"href":"https:\/\/jasoneosoro.com\/es\/wp-json\/wp\/v2\/pages\/733\/revisions\/736"}],"up":[{"embeddable":true,"href":"https:\/\/jasoneosoro.com\/es\/wp-json\/wp\/v2\/pages\/154"}],"wp:attachment":[{"href":"https:\/\/jasoneosoro.com\/es\/wp-json\/wp\/v2\/media?parent=733"}],"curies":[{"name":"wp","href":"https:\/\/api.w.org\/{rel}","templated":true}]}}