{"id":761,"date":"2021-10-20T11:42:11","date_gmt":"2021-10-20T11:42:11","guid":{"rendered":"http:\/\/jasoneosoro.com\/?page_id=761"},"modified":"2021-10-20T11:46:05","modified_gmt":"2021-10-20T11:46:05","slug":"asteburu-bat-eskiatzen-2021","status":"publish","type":"page","link":"https:\/\/jasoneosoro.com\/es\/bibliografia\/asteburu-bat-eskiatzen-2021\/","title":{"rendered":"Asteburu bat eskiatzen (2021)"},"content":{"rendered":"<p><img loading=\"lazy\" class=\"alignnone size-medium wp-image-762 alignright\" src=\"http:\/\/jasoneosoro.com\/wp-content\/uploads\/2021\/10\/asteburu-bat-eskiatzen-goazen-libro-4-nuevo-196x300.jpg\" alt=\"\" width=\"196\" height=\"300\" srcset=\"https:\/\/jasoneosoro.com\/wp-content\/uploads\/2021\/10\/asteburu-bat-eskiatzen-goazen-libro-4-nuevo-196x300.jpg 196w, https:\/\/jasoneosoro.com\/wp-content\/uploads\/2021\/10\/asteburu-bat-eskiatzen-goazen-libro-4-nuevo.jpg 410w\" sizes=\"(max-width: 196px) 100vw, 196px\" \/><strong>Autor:<\/strong> Jasone Osoro Igartua \/Alai Zubimendi Idarreta (il. )<br \/>\n<strong>Editorial: <\/strong>Alai<br \/>\n<strong>Colecci\u00f3n: <\/strong>Go!azen<br \/>\n<strong>Idioma:<\/strong> Euskera<br \/>\n<strong>A\u00f1o de edici\u00f3n:<\/strong> 2021<br \/>\n<strong>Formato:<\/strong> 210&#215;145<br \/>\n<strong>N\u00famero de p\u00e1ginas:<\/strong> 112<\/p>\n<p>Lagun-taldea berriz elkartzeko irrikitan dago, baina Basakabi eta uda urrun geratzen dira oraindik. Horregatik, asteburu bat eskiatzen pasatzea erabaki dute. Zuri eta Maddi New Jerseyn badaude ere, beste guztiek lo-zakuak prestatu dituzte eta aterpetxe batean hartu dute ostatu. Batzuek primeran eskiatzen dute; beste batzuek, berriz, ideiarik ez. Hala ere, nor bere erara ongi pasatzen saiatuko da. Azkenik, ustekabe batek harrapatuko ditu den-denak, eta eskiaz gain, bestelako abenturak biziko dituzte.<\/p>","protected":false},"excerpt":{"rendered":"<p>Autor: Jasone Osoro Igartua \/Alai Zubimendi Idarreta (il. ) Editorial: Alai Colecci\u00f3n: Go!azen Idioma: Euskera A\u00f1o de edici\u00f3n: 2021 Formato: 210&#215;145 N\u00famero de p\u00e1ginas: 112 Lagun-taldea berriz elkartzeko irrikitan dago, baina Basakabi eta uda urrun geratzen dira oraindik. Horregatik, asteburu bat eskiatzen pasatzea erabaki dute. Zuri eta Maddi New Jerseyn badaude ere, beste guztiek lo-zakuak [&hellip;]<\/p>\n","protected":false},"author":3,"featured_media":0,"parent":154,"menu_order":-1,"comment_status":"closed","ping_status":"closed","template":"","meta":{"ngg_post_thumbnail":0},"_links":{"self":[{"href":"https:\/\/jasoneosoro.com\/es\/wp-json\/wp\/v2\/pages\/761"}],"collection":[{"href":"https:\/\/jasoneosoro.com\/es\/wp-json\/wp\/v2\/pages"}],"about":[{"href":"https:\/\/jasoneosoro.com\/es\/wp-json\/wp\/v2\/types\/page"}],"author":[{"embeddable":true,"href":"https:\/\/jasoneosoro.com\/es\/wp-json\/wp\/v2\/users\/3"}],"replies":[{"embeddable":true,"href":"https:\/\/jasoneosoro.com\/es\/wp-json\/wp\/v2\/comments?post=761"}],"version-history":[{"count":2,"href":"https:\/\/jasoneosoro.com\/es\/wp-json\/wp\/v2\/pages\/761\/revisions"}],"predecessor-version":[{"id":764,"href":"https:\/\/jasoneosoro.com\/es\/wp-json\/wp\/v2\/pages\/761\/revisions\/764"}],"up":[{"embeddable":true,"href":"https:\/\/jasoneosoro.com\/es\/wp-json\/wp\/v2\/pages\/154"}],"wp:attachment":[{"href":"https:\/\/jasoneosoro.com\/es\/wp-json\/wp\/v2\/media?parent=761"}],"curies":[{"name":"wp","href":"https:\/\/api.w.org\/{rel}","templated":true}]}}