{"id":765,"date":"2021-10-20T11:50:08","date_gmt":"2021-10-20T11:50:08","guid":{"rendered":"http:\/\/jasoneosoro.com\/?page_id=765"},"modified":"2021-10-20T11:51:24","modified_gmt":"2021-10-20T11:51:24","slug":"new-york-new-york-2021","status":"publish","type":"page","link":"https:\/\/jasoneosoro.com\/es\/bibliografia\/new-york-new-york-2021\/","title":{"rendered":"New York, New York (2021)"},"content":{"rendered":"<p><img loading=\"lazy\" class=\"alignnone size-medium wp-image-766 alignright\" src=\"http:\/\/jasoneosoro.com\/wp-content\/uploads\/2021\/10\/goazen-5-new-york-new-york-189x300.png\" alt=\"\" width=\"189\" height=\"300\" srcset=\"https:\/\/jasoneosoro.com\/wp-content\/uploads\/2021\/10\/goazen-5-new-york-new-york-189x300.png 189w, https:\/\/jasoneosoro.com\/wp-content\/uploads\/2021\/10\/goazen-5-new-york-new-york-645x1024.png 645w, https:\/\/jasoneosoro.com\/wp-content\/uploads\/2021\/10\/goazen-5-new-york-new-york.png 678w\" sizes=\"(max-width: 189px) 100vw, 189px\" \/><strong>Autor:<\/strong> Jasone Osoro Igartua \/Alai Zubimendi Idarreta (il. )<br \/>\n<strong>Editorial: <\/strong>Alai<br \/>\n<strong>Colecci\u00f3n: <\/strong>Go!azen<br \/>\n<strong>Idioma:<\/strong> Euskera<br \/>\n<strong>A\u00f1o de edici\u00f3n:<\/strong> 2021<br \/>\n<strong>Formato:<\/strong> 210&#215;145<br \/>\n<strong>N\u00famero de p\u00e1ginas:<\/strong> 112<\/p>\n<div id=\"sinopsia\" class=\"sinopsia_atala\" lang=\"eu\">\n<p>Maddik eta Zurik New Yerseyn pasa dute ikasturtea. Bizipen asko eta zirraragarriak bizi izan dituzte bertan, eta itzultzeko gogoz daude, baina aurretik Enara eta June bisitan joango dira eta bost egun pasako dituzte elkarrekin New Yorken.<\/p>\n<p>Lagun batek utzitako apartamentuan hartuko dute ostatu eta, hiriarekin bat eginez, era guztietako abenturak gertatuko zaizkie: Empire Statera mozorrotuta igoko dira, metroan abestuko dute, Central Parc-en piknik bitxi bat egingo dute, Times Squarekin liluratuta geratuko dira, Coney Islandeko atrakzio parkean barrez lehertuko dira eta ezezagun bat atzetik segika dutela ere irudituko zaie. New York inoiz ahazten ez diren hiri horietakoa izango da lau neskentzat.<\/p>\n<p>&nbsp;<\/p>\n<\/div>\n<p><\/p>","protected":false},"excerpt":{"rendered":"<p>Autor: Jasone Osoro Igartua \/Alai Zubimendi Idarreta (il. ) Editorial: Alai Colecci\u00f3n: Go!azen Idioma: Euskera A\u00f1o de edici\u00f3n: 2021 Formato: 210&#215;145 N\u00famero de p\u00e1ginas: 112 Maddik eta Zurik New Yerseyn pasa dute ikasturtea. Bizipen asko eta zirraragarriak bizi izan dituzte bertan, eta itzultzeko gogoz daude, baina aurretik Enara eta June bisitan joango dira eta bost [&hellip;]<\/p>\n","protected":false},"author":3,"featured_media":0,"parent":154,"menu_order":-2,"comment_status":"closed","ping_status":"closed","template":"","meta":{"ngg_post_thumbnail":0},"_links":{"self":[{"href":"https:\/\/jasoneosoro.com\/es\/wp-json\/wp\/v2\/pages\/765"}],"collection":[{"href":"https:\/\/jasoneosoro.com\/es\/wp-json\/wp\/v2\/pages"}],"about":[{"href":"https:\/\/jasoneosoro.com\/es\/wp-json\/wp\/v2\/types\/page"}],"author":[{"embeddable":true,"href":"https:\/\/jasoneosoro.com\/es\/wp-json\/wp\/v2\/users\/3"}],"replies":[{"embeddable":true,"href":"https:\/\/jasoneosoro.com\/es\/wp-json\/wp\/v2\/comments?post=765"}],"version-history":[{"count":3,"href":"https:\/\/jasoneosoro.com\/es\/wp-json\/wp\/v2\/pages\/765\/revisions"}],"predecessor-version":[{"id":769,"href":"https:\/\/jasoneosoro.com\/es\/wp-json\/wp\/v2\/pages\/765\/revisions\/769"}],"up":[{"embeddable":true,"href":"https:\/\/jasoneosoro.com\/es\/wp-json\/wp\/v2\/pages\/154"}],"wp:attachment":[{"href":"https:\/\/jasoneosoro.com\/es\/wp-json\/wp\/v2\/media?parent=765"}],"curies":[{"name":"wp","href":"https:\/\/api.w.org\/{rel}","templated":true}]}}