{"id":770,"date":"2021-10-20T11:55:04","date_gmt":"2021-10-20T11:55:04","guid":{"rendered":"http:\/\/jasoneosoro.com\/?page_id=770"},"modified":"2021-10-20T12:00:39","modified_gmt":"2021-10-20T12:00:39","slug":"festa-2020","status":"publish","type":"page","link":"https:\/\/jasoneosoro.com\/es\/bibliografia\/festa-2020\/","title":{"rendered":"Festa (2021)"},"content":{"rendered":"<p><strong><img loading=\"lazy\" class=\"alignnone size-medium wp-image-772 alignright\" src=\"http:\/\/jasoneosoro.com\/wp-content\/uploads\/2021\/10\/festa-txalaparta-eus-192x300.jpg\" alt=\"\" width=\"192\" height=\"300\" srcset=\"https:\/\/jasoneosoro.com\/wp-content\/uploads\/2021\/10\/festa-txalaparta-eus-192x300.jpg 192w, https:\/\/jasoneosoro.com\/wp-content\/uploads\/2021\/10\/festa-txalaparta-eus.jpg 510w\" sizes=\"(max-width: 192px) 100vw, 192px\" \/><\/strong><\/p>\n<p><strong>ISBN:<\/strong> 978-84-1360-128-1<br \/>\n<strong>EAN:<\/strong> 9788413601281<br \/>\n<strong>Editorial: <\/strong><span class=\"brand\">ELKAR<\/span><br \/>\n<strong>Colecci\u00f3n:<\/strong> <a class=\"fitxaEgilea\" href=\"https:\/\/www.elkar.eus\/es\/resultados-busqueda-avanzada?bilaketa_bilduma=TRAOLA&amp;bilaketa_argitaletxea=ELKAR\">TRAOLA<\/a><br \/>\n<strong>Idioma:<\/strong> Euskera<br \/>\n<strong>A\u00f1o de edici\u00f3n:<\/strong> 2021<br \/>\n<strong>Formato:<\/strong> RUSTICA<br \/>\n<strong>N\u00famero de p\u00e1ginas:<\/strong> 116<br \/>\n<strong>Tama\u00f1o:<\/strong> 210&#215;135<\/p>\n<p>Sofia eta Andrea bizitza berri baten atariko ilusioarekin joan ziren inguruetako udako festarik sonatuenera. Gogoa eta gorputza aske utzita, Sofiak eta Ivanek ezin izan zioten ezetzik esan elkarrenganako erakarmenari. Sexua izan zuten. Badago hamasei urterekin haurdun geratzen den neskarik. Gazteei zirrara eragingo dien istorio honi ez zaio egiantzik falta.<\/p>\n<p>&nbsp;<\/p>","protected":false},"excerpt":{"rendered":"<p>ISBN: 978-84-1360-128-1 EAN: 9788413601281 Editorial: ELKAR Colecci\u00f3n: TRAOLA Idioma: Euskera A\u00f1o de edici\u00f3n: 2021 Formato: RUSTICA N\u00famero de p\u00e1ginas: 116 Tama\u00f1o: 210&#215;135 Sofia eta Andrea bizitza berri baten atariko ilusioarekin joan ziren inguruetako udako festarik sonatuenera. Gogoa eta gorputza aske utzita, Sofiak eta Ivanek ezin izan zioten ezetzik esan elkarrenganako erakarmenari. Sexua izan zuten. Badago [&hellip;]<\/p>\n","protected":false},"author":3,"featured_media":0,"parent":154,"menu_order":-3,"comment_status":"closed","ping_status":"closed","template":"","meta":{"ngg_post_thumbnail":0},"_links":{"self":[{"href":"https:\/\/jasoneosoro.com\/es\/wp-json\/wp\/v2\/pages\/770"}],"collection":[{"href":"https:\/\/jasoneosoro.com\/es\/wp-json\/wp\/v2\/pages"}],"about":[{"href":"https:\/\/jasoneosoro.com\/es\/wp-json\/wp\/v2\/types\/page"}],"author":[{"embeddable":true,"href":"https:\/\/jasoneosoro.com\/es\/wp-json\/wp\/v2\/users\/3"}],"replies":[{"embeddable":true,"href":"https:\/\/jasoneosoro.com\/es\/wp-json\/wp\/v2\/comments?post=770"}],"version-history":[{"count":5,"href":"https:\/\/jasoneosoro.com\/es\/wp-json\/wp\/v2\/pages\/770\/revisions"}],"predecessor-version":[{"id":776,"href":"https:\/\/jasoneosoro.com\/es\/wp-json\/wp\/v2\/pages\/770\/revisions\/776"}],"up":[{"embeddable":true,"href":"https:\/\/jasoneosoro.com\/es\/wp-json\/wp\/v2\/pages\/154"}],"wp:attachment":[{"href":"https:\/\/jasoneosoro.com\/es\/wp-json\/wp\/v2\/media?parent=770"}],"curies":[{"name":"wp","href":"https:\/\/api.w.org\/{rel}","templated":true}]}}