{"id":8,"date":"2010-06-01T08:38:57","date_gmt":"2010-06-01T08:38:57","guid":{"rendered":"http:\/\/jasoneosoro.wpmu.cs\/biografia\/"},"modified":"2024-11-11T14:27:47","modified_gmt":"2024-11-11T14:27:47","slug":"biografia","status":"publish","type":"page","link":"https:\/\/jasoneosoro.com\/es\/biografia\/","title":{"rendered":"Biograf\u00eda"},"content":{"rendered":"<p><strong><em><a href=\"\/wp-content\/uploads\/2010\/06\/biografia.jpg\" rel=\"lightbox[8]\"><img loading=\"lazy\" class=\"alignright liburua size-full wp-image-13\" src=\"\/wp-content\/uploads\/2010\/06\/biografia.jpg\" alt=\"\" width=\"232\" height=\"355\" srcset=\"https:\/\/jasoneosoro.com\/wp-content\/uploads\/2010\/06\/biografia.jpg 232w, https:\/\/jasoneosoro.com\/wp-content\/uploads\/2010\/06\/biografia-196x300.jpg 196w\" sizes=\"(max-width: 232px) 100vw, 232px\" \/><\/a><\/em><\/strong><em><strong>Jasone Osoro Igartua (Elgoibar, 1971). Licenciada en Ciencias de la informaci\u00f3n, ha trabajado como periodista y ha sido presentadora, colaboradora y guionista de televisi\u00f3n y lleva a\u00f1os colaborando en diferentes medios de prensa escrita. En 1998 public\u00f3 su primer libro de relatos, <\/strong><\/em><strong>Tentazioak<\/strong><em><strong>, y su \u00faltima obra se titula <\/strong><\/em><strong>Bi marra arrosa <\/strong><em><strong>(2009), en la que cuenta en primera persona su primer embarazo. <\/strong><\/em><\/p>\n<p>Licenciada en Ciencias de la informaci\u00f3n, hiz\u00f3 el postgrado de Gui\u00f3n de cine en Barcelona. Se inici\u00f3 en el mundo del periodismo en el semanario local <a href=\"http:\/\/www.elgoibarren.net\"><em>Barren<\/em><\/a>, donde trabaj\u00f3 durante 5 a\u00f1os.<\/p>\n<p>Su andadura en la televisi\u00f3n empez\u00f3 de mano de Kike Amonarriz, con qui\u00e9n present\u00f3 el programa <em>Bai zera!<\/em>. Despu\u00e9s vinieron<em> Sorginen laratza, Hasiberriak, Goenkale, Kuxkuxeroak, Wazemank y Horrelakoa da bizitza<\/em>, programas en los que ha trabajado como guionista. Asimismo, dirigi\u00f3 la revista sobre televisi\u00f2n <em>Asteon<\/em>.<\/p>\n<p>Lleva m\u00e1s de 10 a\u00f1os como columnista en distintos medios de comunicaci\u00f3n, redactando art\u00edculos, haciendo entrevistas o escribiendo relatos. Entre otros ha publicado en <em>Euskaldunon Egunkaria<\/em>, <em>Gara<\/em>, <em>Aizu<\/em>, <em>Habe<\/em>, <em>Euskadi Irratia<\/em>\u2026 Actualmente, se pueden leer sus columnas todos los mi\u00e9rcoles en la secci\u00f3n <em>Plaza de Guipuzcoa <\/em>del <em>Diario Vasco<\/em>.<\/p>\n<p>Su primer libro de relatos fue <a href=\"\/es\/bibliografia\/tentazioak-1998\"><em>Tentazioak<\/em><\/a>, publicado en 1998. Recibi\u00f3 el premio Zazpi Kale al libro m\u00e1s vendido en la feria del libro de Bilbao.<\/p>\n<p>El 2000 present\u00f3 su proyecto <a href=\"\/es\/bibliografia\/korapiloak-elkar-2001\"><em>Korapiloak<\/em><\/a> a la beka Igartza, donde le otorgaron el \u00e1ccesit. <em>Korapiloak <\/em>se public\u00f3 el 2001 y gan\u00f3 el Euskadi de Plata al libro m\u00e1s vendido en la feria del libro de Donostia. El libro comienza contando c\u00f3mo un hombre secuestra, viola y mata a su novia. Durante la novela ella cuenta lo que ha sentido durante ese secuestro. La muerte, la pasi\u00f3n, el amor, el odio y el sexo son los componentes que van tejiendo esta historia.<\/p>\n<p>En 2001 ofrece a los lectores m\u00e1s jovenes las aventuras de la adolescente <a href=\"\/es\/bibliografia\/jara-zubia-2001\"><em>Jara<\/em><\/a>. M\u00e1s tarde llegaron <em><a href=\"\/es\/bibliografia\/jara-bikiak-eta-bikoteak-zubia-2005\/\">Jara, bikiak eta bikoteak<\/a>,<\/em> <a href=\"\/es\/bibliografia\/jara-bartzelonan-zubia-2007\/\"><em>Jara Bartzelonan<\/em><\/a> y <a href=\"bibliografia\/jara-live\">Jara Live<\/a>. El a\u00f1o 2009 nace un nuevo personaje juvenil, <a href=\"\/es\/bibliografia\/ezekiel-elkar-2009\"><em>Ezekiel<\/em><\/a> y el 2012 publica la segunda parte, <a href=\"bibliografia\/ezekiel-nora-ezean\/\">Ezekiel nora ezean<\/a>. Jara y Ezekiel han sido reconocidos en m\u00e1s de una ocasi\u00f3n y han recibido los premios Juul y Liburu Gaztea, donde los lectores eligen sus libros preferidos.<\/p>\n<p>Gracias a una beca concedida por la Diputaci\u00f3n de Gipuzkoa, el 2002 Jasone viaja a Barcelona para realizar un postgrado de Gui\u00f3n de cine. All\u00ed escribi\u00f3 su primera novela para adultos (2003), <a href=\"\/es\/bibliografia\/greta-elkar-2003\"><em>Greta<\/em><\/a>.<\/p>\n<p><a href=\"\/es\/bibliografia\/bi-marra-arrosa-txalaparta-2009\"><em>Bi marra arrosa<\/em><\/a>. En ella, Jasone narra en primera persona la experiencia que vivi\u00f3 durante su primer embarazo.<\/p>\n<p>Asimismo, ha participado junto a otros escritores en varios libros: <a href=\"\/es\/bibliografia\/gutiziak-txalaparta-2000\"><em>Gutiziak<\/em><\/a>, <em><a href=\"\/es\/bibliografia\/euskal-idazleen-ipuin-erotikoak-txalaparta-1998\/\">Euskal Idazleen Ipuin Erotikoak<\/a>, <\/em><em><a href=\"\/es\/bibliografia\/bakarrizketan-alberdania-2001\">Bakarrizketan<\/a> y <em><a href=\"bibliografia\/titiriteroen-ipuinak\/\">Titiriteroen ipuinak<\/a><\/em>. El 2014 publica el libro infantil <a href=\"bibliografia\/muma-mamua\"><em>Muma mamua<\/em>. <\/a><\/em><\/p>\n<p>En 2015, y tras ganar la beca \u00abXVI. Agustin Zubikarai\u00bb, publica la nobela&nbsp; \u00ab<a href=\"http:\/\/jasoneosoro.com\/bibliografia\/12etan-bermuta\/\">12etan bermuta<\/a>\u00ab.<\/p>\n<p>El \u00faltimo proyecto de Jasone es una colecci\u00f3n para j\u00f3venes titulada Eskularru beltzak y que est\u00e1 compuesta por cuatro libros: Eskularru beltzak, Castinga-a, Ikasbidaia e Ihes.<\/p>\n<p>Fue presidenta de Euskal Idazleen Elkartea entre 2014 y 2018.<\/p>\n<p>El 2018 recibi\u00f3 el premio Ezekiel Etxeberria de Ermua por el libro Jara.<\/p>\n<p>Su \u00faltimo trabajo es la colecci\u00f3n de libros basada en la serie de ETB1, Go!azen. De momento se han publicado tres volumenes: <a href=\"http:\/\/jasoneosoro.com\/bibliografia\/iritsi-gara\/\">Iritsi gara!<\/a>, <a href=\"http:\/\/jasoneosoro.com\/bibliografia\/eiderren-egunerokoa\/\">Eiderren egunerokoa<\/a> eta <a href=\"http:\/\/jasoneosoro.com\/bibliografia\/maddiren-amona-influencerra-2020\/\">Maddiren amona influencerra<\/a>.<\/p>\n<p>Tambi\u00e9n es autora de los primeros 5 t\u00edtulos de libros de la colecci\u00f3n Goazen, basada en la exitosa serie de ETB1:<a href=\"http:\/\/jasoneosoro.com\/bibliografia\/iritsi-gara\/\">Iritsi gara!<\/a>, <a href=\"http:\/\/jasoneosoro.com\/bibliografia\/eiderren-egunerokoa\/\">Eiderren egunerokoa<\/a> eta <a href=\"http:\/\/jasoneosoro.com\/bibliografia\/maddiren-amona-influencerra-2020\/\">Maddiren amona influencerra<\/a>, <a href=\"http:\/\/jasoneosoro.com\/es\/bibliografia\/asteburu-bat-eskiatzen-2021\/\">Asteburu bat eskiatzen<\/a> y < a href=\"http:\/\/jasoneosoro.com\/es\/bibliografia\/new-york-new-york-2021\/\">New York, New York!<\/a>.<\/p>\n<p>Su \u00faltimo trabajo es <a href=\"http:\/\/jasoneosoro.com\/es\/bibliografia\/arrakasta\/\">Arrakasta<\/a>. Un ensayo sobre el \u00e9xito donde recoge vivencias y reflexiones tanto de ella como de de personas de diversos \u00e1mbitos: el payaso Joxe Mari Agirretxe, el cocinero Eneko Atxa, la m\u00fasica Izaro Andr\u00e9s, el escritor Harkaitz Cano, las periodistas Eva Domingo y Maider Egues, el director de cine Jon Gara\u00f1o, la actriz y directora Aizpea Goenaga, el ciclista Markel Irizar, la actriz Itziar Itu\u00f1o y el m\u00fasico Gorka Urbizu. Todo ello intercalado con citas de gente de renombre y grandes pensadores de la historia.<\/p>\n<p>El 2024 recibi\u00f3 el premio Geure gelatik, otorgado por la asociaci\u00f3n Maxixatzen en colaboraci\u00f3n con el ayuntamiento de Azkoitia, por su aportaci\u00f3n a la literatura infantil y juvenil.<\/p>","protected":false},"excerpt":{"rendered":"<p>Jasone Osoro Igartua (Elgoibar, 1971). Licenciada en Ciencias de la informaci\u00f3n, ha trabajado como periodista y ha sido presentadora, colaboradora y guionista de televisi\u00f3n y lleva a\u00f1os colaborando en diferentes medios de prensa escrita. En 1998 public\u00f3 su primer libro de relatos, Tentazioak, y su \u00faltima obra se titula Bi marra arrosa (2009), en la [&hellip;]<\/p>\n","protected":false},"author":3,"featured_media":0,"parent":0,"menu_order":0,"comment_status":"open","ping_status":"closed","template":"","meta":{"ngg_post_thumbnail":0},"_links":{"self":[{"href":"https:\/\/jasoneosoro.com\/es\/wp-json\/wp\/v2\/pages\/8"}],"collection":[{"href":"https:\/\/jasoneosoro.com\/es\/wp-json\/wp\/v2\/pages"}],"about":[{"href":"https:\/\/jasoneosoro.com\/es\/wp-json\/wp\/v2\/types\/page"}],"author":[{"embeddable":true,"href":"https:\/\/jasoneosoro.com\/es\/wp-json\/wp\/v2\/users\/3"}],"replies":[{"embeddable":true,"href":"https:\/\/jasoneosoro.com\/es\/wp-json\/wp\/v2\/comments?post=8"}],"version-history":[{"count":28,"href":"https:\/\/jasoneosoro.com\/es\/wp-json\/wp\/v2\/pages\/8\/revisions"}],"predecessor-version":[{"id":886,"href":"https:\/\/jasoneosoro.com\/es\/wp-json\/wp\/v2\/pages\/8\/revisions\/886"}],"wp:attachment":[{"href":"https:\/\/jasoneosoro.com\/es\/wp-json\/wp\/v2\/media?parent=8"}],"curies":[{"name":"wp","href":"https:\/\/api.w.org\/{rel}","templated":true}]}}